{"id":61,"date":"2023-01-30T14:16:56","date_gmt":"2023-01-30T13:16:56","guid":{"rendered":"http:\/\/bajor-bal.webcapital.hu\/?post_type=product&#038;p=61"},"modified":"2023-09-03T08:07:33","modified_gmt":"2023-09-03T06:07:33","slug":"belepojegy","status":"publish","type":"product","link":"https:\/\/bajorsor.hu\/de\/termek\/belepojegy\/","title":{"rendered":"Bel\u00e9p\u0151jegy VIII. Sv\u00e1b Zenei H\u00e9tv\u00e9g\u00e9re 2023"},"content":{"rendered":"","protected":false},"excerpt":{"rendered":"","protected":false},"featured_media":62,"template":"","meta":[],"product_brand":[],"product_cat":[17],"product_tag":[],"class_list":{"0":"post-61","1":"product","2":"type-product","3":"status-publish","4":"has-post-thumbnail","6":"product_cat-egyeb","8":"first","9":"outofstock","10":"taxable","11":"shipping-taxable","12":"purchasable","13":"product-type-simple"},"_links":{"self":[{"href":"https:\/\/bajorsor.hu\/de\/wp-json\/wp\/v2\/product\/61","targetHints":{"allow":["GET"]}}],"collection":[{"href":"https:\/\/bajorsor.hu\/de\/wp-json\/wp\/v2\/product"}],"about":[{"href":"https:\/\/bajorsor.hu\/de\/wp-json\/wp\/v2\/types\/product"}],"wp:featuredmedia":[{"embeddable":true,"href":"https:\/\/bajorsor.hu\/de\/wp-json\/wp\/v2\/media\/62"}],"wp:attachment":[{"href":"https:\/\/bajorsor.hu\/de\/wp-json\/wp\/v2\/media?parent=61"}],"wp:term":[{"taxonomy":"product_brand","embeddable":true,"href":"https:\/\/bajorsor.hu\/de\/wp-json\/wp\/v2\/product_brand?post=61"},{"taxonomy":"product_cat","embeddable":true,"href":"https:\/\/bajorsor.hu\/de\/wp-json\/wp\/v2\/product_cat?post=61"},{"taxonomy":"product_tag","embeddable":true,"href":"https:\/\/bajorsor.hu\/de\/wp-json\/wp\/v2\/product_tag?post=61"}],"curies":[{"name":"wp","href":"https:\/\/api.w.org\/{rel}","templated":true}]}}